{"id":250,"date":"2015-10-23T13:57:01","date_gmt":"2015-10-23T12:57:01","guid":{"rendered":"http:\/\/leferrouge-preprod.semi-k.net\/?page_id=250"},"modified":"2015-10-28T10:37:59","modified_gmt":"2015-10-28T09:37:59","slug":"mentions-legales","status":"publish","type":"page","link":"https:\/\/leferrouge.alsace\/de\/mentions-legales\/","title":{"rendered":"Aufdruck"},"content":{"rendered":"<p><\/p>\n<h2>\u00c9diteur du site :<\/h2>\n<p>Si\u00e8ge social\u00a0: 52 Grand Rue &#8211; 68 000 Colmar<\/p>\n<p>SARL inscrite au RCS de\u00a0Colmar sous le N\u00b0 TI 810 212 431 &#8211; N\u00b0 de Gestion 2015 B 228<\/p>\n<p>Responsables de r\u00e9daction au sens de l&#8217;article 93-2 de la loi n\u00b085-652 du 29 juillet 1982 :\u00a0Lionel WURMS, Emmanuel WURMS, D\u00e9borah ABECASSIS pour Le Fer Rouge.<\/p>\n<p>Conception du site Web : J\u00e9r\u00f4me Miccucci<\/p>\n<h2>Formulaire de collecte de donn\u00e9es personnelles<\/h2>\n<p>Les informations recueillies font l\u2019objet d\u2019un traitement informatique destin\u00e9 \u00e0 faciliter les \u00e9changes entre Le\u00a0Fer Rouge\u00a0et\u00a0vous.<\/p>\n<p>Conform\u00e9ment \u00e0 la loi \u00ab informatique et libert\u00e9s \u00bb du 6 janvier 1978 modifi\u00e9e en 2004, vous b\u00e9n\u00e9ficiez d\u2019un droit d\u2019acc\u00e8s et de rectification aux informations qui vous concernent, que vous pouvez exercer en vous adressant \u00e0\u00a0&#8222;Le Fer Rouge&#8220;<\/p>\n<p>Vous pouvez \u00e9galement, pour des motifs l\u00e9gitimes, vous opposer au traitement des donn\u00e9es vous concernant.<\/p>\n<h2>H\u00e9bergement<\/h2>\n<p><\/p>","protected":false},"excerpt":{"rendered":"<p>\u00c9diteur du site : Si\u00e8ge social\u00a0: 52 Grand Rue &#8211; 68 000 Colmar SARL inscrite au RCS de\u00a0Colmar sous le N\u00b0 TI 810 212 431 &#8211; N\u00b0 de Gestion 2015 B 228 Responsables de r\u00e9daction au sens de l&#8217;article 93-2 de la loi n\u00b085-652 du 29 juillet 1982 :\u00a0Lionel WURMS, Emmanuel WURMS, D\u00e9borah ABECASSIS pour [&hellip;]<\/p>\n","protected":false},"author":1,"featured_media":0,"parent":0,"menu_order":0,"comment_status":"closed","ping_status":"closed","template":"","meta":{"footnotes":""},"class_list":["post-250","page","type-page","status-publish","hentry"],"_links":{"self":[{"href":"https:\/\/leferrouge.alsace\/de\/wp-json\/wp\/v2\/pages\/250","targetHints":{"allow":["GET"]}}],"collection":[{"href":"https:\/\/leferrouge.alsace\/de\/wp-json\/wp\/v2\/pages"}],"about":[{"href":"https:\/\/leferrouge.alsace\/de\/wp-json\/wp\/v2\/types\/page"}],"author":[{"embeddable":true,"href":"https:\/\/leferrouge.alsace\/de\/wp-json\/wp\/v2\/users\/1"}],"replies":[{"embeddable":true,"href":"https:\/\/leferrouge.alsace\/de\/wp-json\/wp\/v2\/comments?post=250"}],"version-history":[{"count":6,"href":"https:\/\/leferrouge.alsace\/de\/wp-json\/wp\/v2\/pages\/250\/revisions"}],"predecessor-version":[{"id":337,"href":"https:\/\/leferrouge.alsace\/de\/wp-json\/wp\/v2\/pages\/250\/revisions\/337"}],"wp:attachment":[{"href":"https:\/\/leferrouge.alsace\/de\/wp-json\/wp\/v2\/media?parent=250"}],"curies":[{"name":"wp","href":"https:\/\/api.w.org\/{rel}","templated":true}]}}